{"id":647,"date":"2017-02-15T08:35:10","date_gmt":"2017-02-15T08:35:10","guid":{"rendered":"http:\/\/gjtech.fr\/?page_id=647"},"modified":"2017-11-09T12:35:48","modified_gmt":"2017-11-09T12:35:48","slug":"conditions-generales-dutilisation-du-site","status":"publish","type":"page","link":"https:\/\/gjtech.fr\/index.php\/conditions-generales-dutilisation-du-site\/","title":{"rendered":"Conditions g\u00e9n\u00e9rales d&rsquo;utilisation du site"},"content":{"rendered":"<h2><span style=\"font-family: 'trebuchet ms', geneva, sans-serif; font-size: 14pt; color: #ffffff;\">Conditions g\u00e9n\u00e9rales d&rsquo;utilisation :<\/span><\/h2>\n<p><span style=\"color: #ffffff; font-family: 'trebuchet ms', geneva, sans-serif; font-size: medium;\">1. Utilisation du site<\/span><\/p>\n<p>L&rsquo;utilisateur reconnait avoir lu et adh\u00e9rer aux pr\u00e9sentes conditions d&rsquo;utilisation.<\/p>\n<p><span style=\"color: #000000;\"><span style=\"font-family: Trebuchet MS,sans-serif;\"><span style=\"font-size: medium;\">Il est interdit \u00e0 l&rsquo;utilisateur du site, de se livrer \u00e0 des actes, par ses commentaires ou liens, qui seraient contraires \u00e0 la Loi, porteraient atteinte \u00e0 l&rsquo;ordre public, \u00e0 GJTech Informatique ou de tiers. L\u2019Utilisateur s&rsquo;engage, dans son utilisation du blog, \u00e0 respecter les r\u00e8gles suivantes :<\/span><\/span><\/span><\/p>\n<p><span style=\"color: #000000;\"><span style=\"font-family: Trebuchet MS,sans-serif;\"><span style=\"font-size: medium;\">communiquer des informations exactes lors de son inscription et de l&rsquo;utilisation du site ;<\/span><\/span><\/span><\/p>\n<p><span style=\"color: #000000;\"><span style=\"font-family: Trebuchet MS,sans-serif;\"><span style=\"font-size: medium;\">utiliser le site de mani\u00e8re loyale, conform\u00e9ment \u00e0 sa finalit\u00e9 professionnelle exclusivement, et conform\u00e9ment aux dispositions l\u00e9gales, r\u00e9glementaires, morales\u00a0;<\/span><\/span><\/span><\/p>\n<p><span style=\"color: #000000;\"> <span style=\"font-family: Trebuchet MS,sans-serif;\"><span style=\"font-size: medium;\">respecter les droits de propri\u00e9t\u00e9 intellectuelle des contenus fournis par GJTech Informatique ou par les autres Utilisateurs, ainsi que les droits de propri\u00e9t\u00e9 intellectuelle des tiers, notamment des images, propri\u00e9t\u00e9 de GJTech Informatique ou de droit public ; \u00eatre loyal, responsable et moral dans ses actes et propos\u00a0;<\/span><\/span><\/span><\/p>\n<p><span style=\"color: #000000;\"><span style=\"font-family: Trebuchet MS,sans-serif;\"><span style=\"font-size: medium;\">ne pas utiliser de fausse identit\u00e9 en vue de tromper autrui ;<\/span><\/span><\/span><\/p>\n<p><span style=\"color: #000000;\"><span style=\"font-family: Trebuchet MS,sans-serif;\"><span style=\"font-size: medium;\">se conformer aux lois en vigueur et respecter les droits des tiers,<\/span><\/span><\/span><\/p>\n<p><span style=\"color: #000000;\"><span style=\"font-family: Trebuchet MS,sans-serif;\"><span style=\"font-size: medium;\">ne pas \u00e9crire de contenus \u00e0 caract\u00e8re diffamatoire, injurieux, obsc\u00e8ne, offensant, violent, \u00e0 caract\u00e8re politique, x\u00e9nophobe ou ostracique et de mani\u00e8re g\u00e9n\u00e9rale tout contenu qui serait contraire aux lois et r\u00e8glements en vigueur ou \u00e0 la morale ;<\/span><\/span><\/span><\/p>\n<p><span style=\"color: #000000;\"><span style=\"font-family: Trebuchet MS,sans-serif;\"><span style=\"font-size: medium;\">Ne pas utiliser le site comme source de diffusion publicitaire sous quelque forme que ce soit ou de diffusion de message personnel, sous quelque forme que se soit et surtout pas \u00e0 caract\u00e8re concurrentiel, politique ou religieux.<\/span><\/span><\/span><\/p>\n<p><span style=\"color: #000000;\"><span style=\"font-family: Trebuchet MS,sans-serif;\"><span style=\"font-size: medium;\">ne pas collecter d&rsquo;informations sous quelque forme que se soit, dans quelque but que se soit, priv\u00e9 ou commercial.<\/span><\/span><\/span><\/p>\n<p><span style=\"color: #000000;\"><span style=\"font-family: Trebuchet MS,sans-serif;\"><span style=\"font-size: medium;\">En cas de manquement par un Utilisateur \u00e0 l&rsquo;une ou plusieurs de ces r\u00e8gles, GJTech Informatique se r\u00e9serve le droit de suspendre ou\/et de r\u00e9silier l\u2019inscription et de supprimer les contenus et messages litigieux, de fa\u00e7on d\u00e9finitive, voire de bannir un utilisateur.<\/span><\/span><\/span><\/p>\n<h3><span style=\"color: #ffffff; font-family: 'trebuchet ms', geneva, sans-serif; font-size: 12pt;\">2. Propri\u00e9t\u00e9 Intellectuelle<\/span><\/h3>\n<p><span style=\"color: #000000;\"><span style=\"font-family: Trebuchet MS,sans-serif;\"><span style=\"font-size: medium;\">Le site et tous les \u00e9l\u00e9ments qui les composent sont prot\u00e9g\u00e9s au titre du droit de la propri\u00e9t\u00e9 intellectuelle.<\/span><\/span><\/span><\/p>\n<p><span style=\"color: #000000;\"><span style=\"font-family: Trebuchet MS,sans-serif;\"><span style=\"font-size: medium;\">GJTech Informatique est seul propri\u00e9taire ou titulaire des droits d\u2019exploitation (pour les avoir r\u00e9guli\u00e8rement acquis de tiers) de tous les \u00e9l\u00e9ments qui composent son, que se fusse\u00a0: marques, logos, textes, photographies.<\/span><\/span><\/span><\/p>\n<p><span style=\"color: #000000;\"><span style=\"font-family: Trebuchet MS,sans-serif;\"><span style=\"font-size: medium;\">Toute visualisation ou diffusion publique du site \u00e0 des fins lucrative ou concurrentielle est interdite \u00e0 l&rsquo;utilisateur.<\/span><\/span><\/span><\/p>\n<h3><span style=\"color: #ffffff; font-size: medium;\"><span style=\"font-family: Trebuchet MS,sans-serif;\">3. Responsabilit\u00e9<\/span><\/span><\/h3>\n<p><span style=\"color: #000000;\"><span style=\"font-family: Trebuchet MS,sans-serif;\"><span style=\"font-size: medium;\">L\u2019acc\u00e8s \u00e0 tout ou partie du Site pourra \u00eatre interrompue ou suspendue par <span style=\"color: #ff6600;\">GJTech informatique<\/span> \u00e0 fin de maintenance ou\/et de mise \u00e0 jour. GJTech Informatique met en \u0153uvre tous les moyens pour emp\u00eacher ou corriger les erreurs et bugs, la pr\u00e9sence de virus, ou autres infections informatiques, de l\u2019intrusion frauduleuse de tiers sur son site.<\/span><\/span><\/span><\/p>\n<p><span style=\"color: #000000;\"><span style=\"font-family: Trebuchet MS,sans-serif;\"><span style=\"font-size: medium;\">GJTech, ayant satisfait \u00e0 son obligation de moyen, ne saurait \u00eatre tenu pour responsable de tous dommages que cela entra\u00eenerait pour l&rsquo;utilisateur.<\/span><\/span><\/span><\/p>\n<p><span style=\"color: #000000;\"><span style=\"font-family: Trebuchet MS,sans-serif;\"><span style=\"font-size: medium;\">L\u2019Utilisateur devra disposer de la majorit\u00e9 civile r\u00e9volue soit 18 ans r\u00e9volus pour proc\u00e9der \u00e0 une demande d&rsquo;intervention ou de toute autre commande. Une personne majeure ayant la responsabilit\u00e9 du demandeur devra effectuer toutes les d\u00e9marches \u00e0 sa place. <\/span><\/span><\/span><\/p>\n<p><span style=\"color: #000000;\"><span style=\"font-family: Trebuchet MS,sans-serif;\"><span style=\"font-size: medium;\">L\u2019Utilisateur du blog devra choisir un pseudonyme r\u00e9pondant aux bonnes m\u0153urs <\/span><\/span><\/span><span style=\"font-family: Trebuchet MS,sans-serif;\"><span style=\"font-size: medium;\">et ne communiquer aucune information relative \u00e0 sa vie priv\u00e9e ou \u00e0 celle d&rsquo;autrui<\/span><\/span><span style=\"color: #000000;\"><span style=\"font-family: Trebuchet MS,sans-serif;\"><span style=\"font-size: medium;\">, conform\u00e9ment \u00e0 l&rsquo;article IX du Code Civil et des articles des diff\u00e9rents codes qui en d\u00e9coulent.<\/span><\/span><\/span><\/p>\n<p><span style=\"color: #000000;\"><span style=\"font-family: Trebuchet MS,sans-serif;\"><span style=\"font-size: medium;\">L\u2019Utilisateur est responsable de toutes donn\u00e9es mise en ligne, par lui ou en son nom. <\/span><\/span><\/span><\/p>\n<h3><span style=\"color: #ffffff; font-family: 'trebuchet ms', geneva, sans-serif; font-size: 12pt;\">4. Modifications des CGU \/ loi applicable et comp\u00e9tence juridictionnelle<\/span><\/h3>\n<p><span style=\"color: #000000;\"><span style=\"font-family: Trebuchet MS,sans-serif;\"><span style=\"font-size: medium;\">GJTech Informatique peut \u00e0 tout moment modifier les termes des Conditions G\u00e9n\u00e9rales d&rsquo;utilisation. Le non-respect par l\u2019Utilisateur, des dispositions des pr\u00e9sentes CGU pourra, s&rsquo;il y a lieu, entra\u00eener des Poursuites devant le Tribunal comp\u00e9tent du domicile de <span style=\"color: #ff6600;\">GJTech Informatique <\/span>Auxerre.<\/span><\/span><\/span><\/p>\n<p style=\"text-align: center;\"><span style=\"font-family: 'trebuchet ms', geneva, sans-serif; font-size: 12pt; color: #ffffff;\">Par son inscription et son utilisation du site, l&rsquo;utilisateur reconnait implicitement \u00eatre inform\u00e9 des pr\u00e9sentes CGU ety adh\u00e9rer.<\/span><\/p>\n<p style=\"text-align: center;\"><span style=\"font-family: trebuchet ms,geneva,sans-serif; font-size: 12pt;\"><span style=\"color: #ff6600;\"><strong>GJTech Informatique<\/strong><\/span> vous remercie de prendre acte des pr\u00e9sentes <strong>CGU<\/strong> et vous souhaite une bonne visite de son site<\/span><\/p>\n","protected":false},"excerpt":{"rendered":"<p>Conditions g\u00e9n\u00e9rales d&rsquo;utilisation : 1. Utilisation du site L&rsquo;utilisateur reconnait avoir lu et adh\u00e9rer aux pr\u00e9sentes conditions d&rsquo;utilisation. Il est interdit \u00e0 l&rsquo;utilisateur du site, de se livrer \u00e0 des actes, par ses commentaires ou liens, qui seraient contraires \u00e0 la Loi, porteraient atteinte \u00e0 l&rsquo;ordre public, \u00e0 GJTech Informatique ou de tiers. L\u2019Utilisateur s&rsquo;engage, [&hellip;]<\/p>\n","protected":false},"author":1,"featured_media":0,"parent":0,"menu_order":0,"comment_status":"closed","ping_status":"closed","template":"","meta":{"footnotes":""},"class_list":["post-647","page","type-page","status-publish","hentry"],"_links":{"self":[{"href":"https:\/\/gjtech.fr\/index.php\/wp-json\/wp\/v2\/pages\/647","targetHints":{"allow":["GET"]}}],"collection":[{"href":"https:\/\/gjtech.fr\/index.php\/wp-json\/wp\/v2\/pages"}],"about":[{"href":"https:\/\/gjtech.fr\/index.php\/wp-json\/wp\/v2\/types\/page"}],"author":[{"embeddable":true,"href":"https:\/\/gjtech.fr\/index.php\/wp-json\/wp\/v2\/users\/1"}],"replies":[{"embeddable":true,"href":"https:\/\/gjtech.fr\/index.php\/wp-json\/wp\/v2\/comments?post=647"}],"version-history":[{"count":5,"href":"https:\/\/gjtech.fr\/index.php\/wp-json\/wp\/v2\/pages\/647\/revisions"}],"predecessor-version":[{"id":1289,"href":"https:\/\/gjtech.fr\/index.php\/wp-json\/wp\/v2\/pages\/647\/revisions\/1289"}],"wp:attachment":[{"href":"https:\/\/gjtech.fr\/index.php\/wp-json\/wp\/v2\/media?parent=647"}],"curies":[{"name":"wp","href":"https:\/\/api.w.org\/{rel}","templated":true}]}}