{"id":614,"date":"2017-02-14T17:55:58","date_gmt":"2017-02-14T17:55:58","guid":{"rendered":"http:\/\/gjtech.fr\/?page_id=614"},"modified":"2020-05-10T17:12:41","modified_gmt":"2020-05-10T17:12:41","slug":"identification-de-gjtech-89","status":"publish","type":"page","link":"https:\/\/gjtech.fr\/index.php\/identification-de-gjtech-89\/","title":{"rendered":"Identification de GJTech 89"},"content":{"rendered":"<h2><span style=\"font-family: 'trebuchet ms', geneva, sans-serif; font-size: 12pt; color: #ffffff;\">Identification de l&rsquo;entreprise<\/span><\/h2>\n<ul>\n<li><span style=\"font-family: trebuchet ms,geneva,sans-serif; font-size: 12pt; color: #000000;\"><strong>GJTech 89<\/strong> &#8211; Entrepreneur individuel&nbsp;: GOUJON J\u00e9r\u00f4me,<br \/>\ndomicili\u00e9 au n\u00b010 rue des Roses &#8211; 89470&nbsp;MONETEAU&nbsp;&#8211; FRANCE<\/span><span style=\"font-family: trebuchet ms,geneva,sans-serif; font-size: 12pt; color: #000000;\">&nbsp;RCS Auxerre&nbsp;: 752 905 596<\/span><\/li>\n<li><span style=\"font-family: trebuchet ms,geneva,sans-serif; font-size: 12pt; color: #000000;\">SIRET&nbsp;: 752 905 596 00017 <\/span><\/li>\n<li><span style=\"font-family: trebuchet ms,geneva,sans-serif; font-size: 12pt; color: #000000;\">NAF&nbsp;: R\u00e9paration d&rsquo;ordinateurs et d&rsquo;\u00e9quipements p\u00e9riph\u00e9riques (9511Z) <\/span><\/li>\n<\/ul>\n<ul>\n<li><span style=\"font-family: trebuchet ms,geneva,sans-serif; font-size: 12pt; color: #000000;\">adresse de courrier \u00e9lectronique&nbsp;:&nbsp;<a href=\"http:\/\/mailto : gjtech89@gmail.com\">gjtech89@gmail.com<\/a><\/span><\/li>\n<li><span style=\"font-family: trebuchet ms,geneva,sans-serif; font-size: 12pt; color: #000000;\">num\u00e9ro de t\u00e9l\u00e9phone&nbsp;: 06 74 11 80 49 RCS&nbsp;: AUXERRE<\/span><\/li>\n<li><span style=\"font-family: trebuchet ms,geneva,sans-serif; font-size: 12pt; color: #000000;\">Num\u00e9ro individuel d&rsquo;identification fiscale&nbsp;:<br \/>\nTVA non applicable &#8211; article 293 B du CGI <\/span><\/li>\n<li><span style=\"color: #000000; font-family: trebuchet ms,geneva,sans-serif; font-size: 12pt;\">Responsable de la publication&nbsp;: J\u00e9r\u00f4me GOUJON<\/span><\/li>\n<li><span style=\"font-family: trebuchet ms,geneva,sans-serif; font-size: 12pt; color: #000000;\">Site h\u00e9berg\u00e9 par&nbsp;: One&amp;One, 1&amp;1 Internet SARL, 7 place de la Gare, BP 70109, 57201 Sarreguemines Cedex &#8211; 0970 808 911 <\/span><\/li>\n<li><span style=\"color: #000000;\"><span style=\"font-family: trebuchet ms,geneva,sans-serif; font-size: 12pt;\">num\u00e9ro de d\u00e9claration simplifi\u00e9e Cnil&nbsp;: En cours<\/span><span style=\"font-family: trebuchet ms,geneva,sans-serif; font-size: 12pt;\">\u00ab Ce site est d\u00e9clar\u00e9 \u00e0 la Commission Nationale Informatique et Libert\u00e9s (CNIL) sous le num\u00e9ro xxx et respecte les dispositions de la loi 78-17 du 6 janvier 1978 relative \u00e0 l&rsquo;informatique, aux fichiers et aux libert\u00e9s.<\/span><\/span><span style=\"color: #000000; font-family: trebuchet ms,geneva,sans-serif; font-size: 12pt;\">En application de la loi n\u00ba 78-17 du 6 janvier 1978 relative \u00e0 l&rsquo;informatique, aux fichiers et aux libert\u00e9s, vous disposez des droits d&rsquo;opposition (art. 26 de la loi), d&rsquo;acc\u00e8s (art. 34 \u00e0 38 de la loi) et de rectification (art. 36 de la loi) des donn\u00e9es vous concernant \u00bb.<\/span><\/li>\n<li><span style=\"color: #000000;\"><span style=\"font-family: trebuchet ms,geneva,sans-serif; font-size: 12pt;\">service apr\u00e8s-vente&nbsp;: <\/span><span style=\"font-family: trebuchet ms,geneva,sans-serif; font-size: 12pt;\">GJTech89 &#8211; 06 74 11 80 49 \u2013 <a style=\"color: #000000;\" href=\"mailto:gjtech89@gmail.com\">gjtech89@gmail.com<\/a> &#8211; <span style=\"font-family: trebuchet ms,geneva,sans-serif; font-size: 12pt; color: #000000;\">10 rue des Roses &#8211; 89470&nbsp;MONETEAU&nbsp;&#8211; FRANCE<\/span><\/span><\/span><\/li>\n<\/ul>\n","protected":false},"excerpt":{"rendered":"<p>Identification de l&rsquo;entreprise GJTech 89 &#8211; Entrepreneur individuel&nbsp;: GOUJON J\u00e9r\u00f4me, domicili\u00e9 au n\u00b010 rue des Roses &#8211; 89470&nbsp;MONETEAU&nbsp;&#8211; FRANCE&nbsp;RCS Auxerre&nbsp;: 752 905 596 SIRET&nbsp;: 752 905 596 00017 NAF&nbsp;: R\u00e9paration d&rsquo;ordinateurs et d&rsquo;\u00e9quipements p\u00e9riph\u00e9riques (9511Z) adresse de courrier \u00e9lectronique&nbsp;:&nbsp;gjtech89@gmail.com num\u00e9ro de t\u00e9l\u00e9phone&nbsp;: 06 74 11 80 49 RCS&nbsp;: AUXERRE Num\u00e9ro individuel d&rsquo;identification fiscale&nbsp;: TVA non [&hellip;]<\/p>\n","protected":false},"author":1,"featured_media":0,"parent":0,"menu_order":0,"comment_status":"closed","ping_status":"closed","template":"","meta":{"footnotes":""},"class_list":["post-614","page","type-page","status-publish","hentry"],"_links":{"self":[{"href":"https:\/\/gjtech.fr\/index.php\/wp-json\/wp\/v2\/pages\/614","targetHints":{"allow":["GET"]}}],"collection":[{"href":"https:\/\/gjtech.fr\/index.php\/wp-json\/wp\/v2\/pages"}],"about":[{"href":"https:\/\/gjtech.fr\/index.php\/wp-json\/wp\/v2\/types\/page"}],"author":[{"embeddable":true,"href":"https:\/\/gjtech.fr\/index.php\/wp-json\/wp\/v2\/users\/1"}],"replies":[{"embeddable":true,"href":"https:\/\/gjtech.fr\/index.php\/wp-json\/wp\/v2\/comments?post=614"}],"version-history":[{"count":8,"href":"https:\/\/gjtech.fr\/index.php\/wp-json\/wp\/v2\/pages\/614\/revisions"}],"predecessor-version":[{"id":1346,"href":"https:\/\/gjtech.fr\/index.php\/wp-json\/wp\/v2\/pages\/614\/revisions\/1346"}],"wp:attachment":[{"href":"https:\/\/gjtech.fr\/index.php\/wp-json\/wp\/v2\/media?parent=614"}],"curies":[{"name":"wp","href":"https:\/\/api.w.org\/{rel}","templated":true}]}}