{"id":593,"date":"2017-02-14T09:25:38","date_gmt":"2017-02-14T09:25:38","guid":{"rendered":"http:\/\/gjtech.fr\/?page_id=593"},"modified":"2023-05-16T07:38:16","modified_gmt":"2023-05-16T05:38:16","slug":"accueil-gjtech89","status":"publish","type":"page","link":"https:\/\/gjtech.fr\/","title":{"rendered":"Accueil GJTech89"},"content":{"rendered":"<h2 style=\"text-align: center;\"><span style=\"font-size: 14pt; font-family: trebuchet ms,geneva,sans-serif; color: #ff6600;\">Bienvenue sur la page d&rsquo;accueil de GJTech 89.<\/span><\/h2>\n<hr \/>\n<p style=\"text-align: center;\"><span style=\"font-family: trebuchet ms,geneva,sans-serif; font-size: 12pt;\">Remplacer votre PC ? Remplacer le connecteur de votre Smartphone ou l&rsquo;\u00e9cran de votre tablette ? Et cela \u00e0 votre domicile ?<\/span><\/p>\n<p style=\"text-align: center;\"><span style=\"color: #ff6600; font-family: trebuchet ms,geneva,sans-serif; font-size: 12pt;\">Avec GJTech89, c&rsquo;est simple, facile, rapide !<\/span><\/p>\n<pre style=\"text-align: justify;\"><strong>Tous nos PC Reconditionn\u00e9s sont test\u00e9s, garantis 2 ans et configur\u00e9s avec:\n- une License Windows officielle Install\u00e9e et activ\u00e9e (Linux sur demande)\n- une suite logicielle install\u00e9e et mise \u00e0 jour comprenant : \nAvast Gratuit, Navigateurs, VLC, Lecteur de musique, Logiciel de Gravure, Flash Player, Adobe Reader et bien d'autres encore...\n\n- Tous les pilotes sont install\u00e9s et mis \u00e0 jour,\n- un clavier et une souris pour l'achat d'une Tour d'occasion,\n- Ecran d'occasion disponible.<\/strong><\/pre>\n<p><span style=\"font-family: trebuchet ms,geneva,sans-serif; font-size: 12pt;\">Nous avons certainement le PC que vous d\u00e9sirez. Un appel t\u00e9l\u00e9phonique ne vous engage en rien&#8230; Rejoignez-nous sur la page <a href=\"https:\/\/gjtech.fr\/index.php\/nous-contacter\/\"><span style=\"color: #ff6600;\">nous contacter<\/span><\/a>.<\/span><\/p>\n<h1><span style=\"font-family: trebuchet ms,geneva,sans-serif; font-size: 14pt; color: #ff6600;\">Notre sujet du mois :<br \/>\n<\/span><span style=\"font-family: trebuchet ms,geneva,sans-serif; font-size: 12pt;\">Comment bien choisir son PC ?<\/span><\/h1>\n<p><span style=\"font-family: trebuchet ms,geneva,sans-serif; font-size: 12pt;\">Quel que soit son format, le PC est devenu un pr\u00e9cieux auxiliaire dans notre vie quotidienne&#8230; Mais pour que celui-ci ne soit pas simplement une d\u00e9pense (un objet co\u00fbteux qui ne rapporte rien, si ce n&rsquo;est quelques loisirs et beaucoup de soucis), mais bien un investissement (un outil pr\u00e9cieux qui permet de gagner du temps et, \u00e9ventuellement de l&rsquo;argent), il convient de raisonner son achat en mati\u00e8re de :<\/span><\/p>\n<ul>\n<li><span style=\"font-family: trebuchet ms,geneva,sans-serif; font-size: 12pt;\">Place qu&rsquo;il va occuper,<\/span><\/li>\n<li><span style=\"font-family: trebuchet ms,geneva,sans-serif; font-size: 12pt;\">Utilisation (quels logiciels, p\u00e9riph\u00e9riques, autres&#8230;, sont \u00e0 pr\u00e9voir),<\/span><\/li>\n<li><span style=\"font-family: trebuchet ms,geneva,sans-serif; font-size: 12pt;\">Dur\u00e9e de vie pr\u00e9visionnelle (dans combien de temps allez-vous le remplacer et comment ?).<\/span><\/li>\n<li><span style=\"font-family: trebuchet ms,geneva,sans-serif; font-size: 12pt;\">Budget<\/span><\/li>\n<\/ul>\n<p><span style=\"font-family: trebuchet ms,geneva,sans-serif; font-size: 12pt;\">Vous vous \u00eates pos\u00e9s ces questions ? Vous voulez investir dans un nouveau PC&#8230; Alors Rejoignez-nous sur la page <a href=\"https:\/\/gjtech.fr\/index.php\/nous-contacter\/\"><span style=\"color: #ff6600;\">nous contacter<\/span><\/a>.<\/span><\/p>\n","protected":false},"excerpt":{"rendered":"<p>Bienvenue sur la page d&rsquo;accueil de GJTech 89. Remplacer votre PC ? Remplacer le connecteur de votre Smartphone ou l&rsquo;\u00e9cran de votre tablette ? Et cela \u00e0 votre domicile ? Avec GJTech89, c&rsquo;est simple, facile, rapide ! Tous nos PC Reconditionn\u00e9s sont test\u00e9s, garantis 2 ans et configur\u00e9s avec: &#8211; une License Windows officielle Install\u00e9e [&hellip;]<\/p>\n","protected":false},"author":1,"featured_media":0,"parent":0,"menu_order":0,"comment_status":"closed","ping_status":"closed","template":"","meta":{"footnotes":""},"class_list":["post-593","page","type-page","status-publish","hentry"],"_links":{"self":[{"href":"https:\/\/gjtech.fr\/index.php\/wp-json\/wp\/v2\/pages\/593","targetHints":{"allow":["GET"]}}],"collection":[{"href":"https:\/\/gjtech.fr\/index.php\/wp-json\/wp\/v2\/pages"}],"about":[{"href":"https:\/\/gjtech.fr\/index.php\/wp-json\/wp\/v2\/types\/page"}],"author":[{"embeddable":true,"href":"https:\/\/gjtech.fr\/index.php\/wp-json\/wp\/v2\/users\/1"}],"replies":[{"embeddable":true,"href":"https:\/\/gjtech.fr\/index.php\/wp-json\/wp\/v2\/comments?post=593"}],"version-history":[{"count":25,"href":"https:\/\/gjtech.fr\/index.php\/wp-json\/wp\/v2\/pages\/593\/revisions"}],"predecessor-version":[{"id":1630,"href":"https:\/\/gjtech.fr\/index.php\/wp-json\/wp\/v2\/pages\/593\/revisions\/1630"}],"wp:attachment":[{"href":"https:\/\/gjtech.fr\/index.php\/wp-json\/wp\/v2\/media?parent=593"}],"curies":[{"name":"wp","href":"https:\/\/api.w.org\/{rel}","templated":true}]}}